{"id":1068,"date":"2020-05-18T15:17:07","date_gmt":"2020-05-18T13:17:07","guid":{"rendered":"https:\/\/sba-engineering.at\/?page_id=1068"},"modified":"2024-06-04T14:06:27","modified_gmt":"2024-06-04T12:06:27","slug":"software-development","status":"publish","type":"page","link":"https:\/\/www.sba-engineering.at\/?page_id=1068","title":{"rendered":"DL software"},"content":{"rendered":"\n<p><\/p>\n\n\n\n<p>Software Entwicklung und Visualisierung<br>icon<br>fancy_heading_service<br><br><img decoding=\"async\" src=\"https:\/\/sba-engineering.at\/wp-content\/uploads\/2020\/05\/winCC.jpg\" alt=\"winCC\"><br>SIMATIC WinCC Professional<br>SIMATIC WinCC Professional ist ein perfekt in das TIA Portal integriertes SCADA System, mit dem die Anforderungen komplexer Anlagen perfekt visualisiert werden k\u00f6nnen.<br>mehr Info zu Projekte mit WinCC Professional<br>https:\/\/sba-engineering.at\/portfolio-item\/service\/<br>left<br><br><img decoding=\"async\" src=\"https:\/\/sba-engineering.at\/wp-content\/uploads\/2020\/05\/WinCCOA.png\" alt=\"WinCCOA\"><br>SIMATIC WinCC Open Architecture<br>Sehr gro\u00dfe und\/oder komplexe Applikationen, spezielle Systemvoraussetzungen und Funktionen, weltweit verteilte Systeme, oder auch \u00fcbergeordnete, system- und standort\u00fcbergreifende Kontrollzentren: Mit SIMATIC WinCC OA lassen sich ma\u00dfgeschneiderte hersteller- und plattformunabh\u00e4ngige SCADA Systeme realisieren. Die skalierbaren L\u00f6sungen erm\u00f6glichen uneingeschr\u00e4nkten, weltweiten Zugriff \u00fcber Web \u2013 inklusive nativer iOS und Android User Interfaces.<br>mehr Info zu Projekte mit WinCC Open Aritecture<br>https:\/\/sba-engineering.at\/portfolio-item\/service\/<br>left<br><br><\/p>\n","protected":false},"excerpt":{"rendered":"<p>Software Entwicklung und Visualisierungiconfancy_heading_service SIMATIC WinCC ProfessionalSIMATIC WinCC Professional ist ein perfekt in das TIA Portal integriertes SCADA System, mit dem die Anforderungen komplexer Anlagen perfekt<span class=\"excerpt-hellip\"> [\u2026]<\/span><\/p>\n","protected":false},"author":1,"featured_media":0,"parent":0,"menu_order":0,"comment_status":"closed","ping_status":"closed","template":"","meta":{"footnotes":""},"class_list":["post-1068","page","type-page","status-publish","hentry"],"_links":{"self":[{"href":"https:\/\/www.sba-engineering.at\/index.php?rest_route=\/wp\/v2\/pages\/1068","targetHints":{"allow":["GET"]}}],"collection":[{"href":"https:\/\/www.sba-engineering.at\/index.php?rest_route=\/wp\/v2\/pages"}],"about":[{"href":"https:\/\/www.sba-engineering.at\/index.php?rest_route=\/wp\/v2\/types\/page"}],"author":[{"embeddable":true,"href":"https:\/\/www.sba-engineering.at\/index.php?rest_route=\/wp\/v2\/users\/1"}],"replies":[{"embeddable":true,"href":"https:\/\/www.sba-engineering.at\/index.php?rest_route=%2Fwp%2Fv2%2Fcomments&post=1068"}],"version-history":[{"count":8,"href":"https:\/\/www.sba-engineering.at\/index.php?rest_route=\/wp\/v2\/pages\/1068\/revisions"}],"predecessor-version":[{"id":1099,"href":"https:\/\/www.sba-engineering.at\/index.php?rest_route=\/wp\/v2\/pages\/1068\/revisions\/1099"}],"wp:attachment":[{"href":"https:\/\/www.sba-engineering.at\/index.php?rest_route=%2Fwp%2Fv2%2Fmedia&parent=1068"}],"curies":[{"name":"wp","href":"https:\/\/api.w.org\/{rel}","templated":true}]}}